{"id":23,"date":"2010-10-29T22:48:56","date_gmt":"2010-10-29T22:48:56","guid":{"rendered":"http:\/\/www.cactusdelespoir.org\/?page_id=23"},"modified":"2010-12-14T22:08:39","modified_gmt":"2010-12-14T22:08:39","slug":"nos-dons","status":"publish","type":"page","link":"https:\/\/www.cactusdelespoir.org\/?page_id=23","title":{"rendered":"Nos Dons"},"content":{"rendered":"<p>Pour notre fonctionnement, vos dons et l\u00e8gues sont les bienvenues \u00e0 <strong>Cactus de l&rsquo;Espoir<\/strong>.<\/p>\n<p><strong>Le co\u00fbt du cactus est de : 10$<\/strong> (remis aux organismes \u00e0 100%)<\/p>\n<p>Notre adresse :<\/p>\n<p>Pour toute information, communiquer avec Monsieur<\/p>\n<p><strong>Denis Bouchard Pr\u00e9sident-Fondateur<\/strong><\/p>\n<p>T\u00e9l : (450) 619 0275<\/p>\n<p>Site http:\/\/www.cactusdelespoir.org<\/p>\n<p>Brossard Qc Canada<\/p>","protected":false},"excerpt":{"rendered":"<p>Pour notre fonctionnement, vos dons et l\u00e8gues sont les bienvenues \u00e0 Cactus de l&rsquo;Espoir. Le co\u00fbt du cactus est de : 10$ (remis aux organismes \u00e0 100%) Notre adresse : Pour toute information, communiquer avec Monsieur Denis Bouchard Pr\u00e9sident-Fondateur T\u00e9l : (450) 619 0275 Site http:\/\/www.cactusdelespoir.org Brossard Qc Canada<\/p>\n","protected":false},"author":1,"featured_media":0,"parent":0,"menu_order":4,"comment_status":"open","ping_status":"open","template":"","meta":{"footnotes":""},"class_list":["post-23","page","type-page","status-publish","hentry"],"_links":{"self":[{"href":"https:\/\/www.cactusdelespoir.org\/index.php?rest_route=\/wp\/v2\/pages\/23"}],"collection":[{"href":"https:\/\/www.cactusdelespoir.org\/index.php?rest_route=\/wp\/v2\/pages"}],"about":[{"href":"https:\/\/www.cactusdelespoir.org\/index.php?rest_route=\/wp\/v2\/types\/page"}],"author":[{"embeddable":true,"href":"https:\/\/www.cactusdelespoir.org\/index.php?rest_route=\/wp\/v2\/users\/1"}],"replies":[{"embeddable":true,"href":"https:\/\/www.cactusdelespoir.org\/index.php?rest_route=%2Fwp%2Fv2%2Fcomments&post=23"}],"version-history":[{"count":7,"href":"https:\/\/www.cactusdelespoir.org\/index.php?rest_route=\/wp\/v2\/pages\/23\/revisions"}],"predecessor-version":[{"id":33,"href":"https:\/\/www.cactusdelespoir.org\/index.php?rest_route=\/wp\/v2\/pages\/23\/revisions\/33"}],"wp:attachment":[{"href":"https:\/\/www.cactusdelespoir.org\/index.php?rest_route=%2Fwp%2Fv2%2Fmedia&parent=23"}],"curies":[{"name":"wp","href":"https:\/\/api.w.org\/{rel}","templated":true}]}}