{"id":20,"date":"2010-10-29T22:46:39","date_gmt":"2010-10-29T22:46:39","guid":{"rendered":"http:\/\/www.cactusdelespoir.org\/?page_id=20"},"modified":"2016-06-22T19:30:06","modified_gmt":"2016-06-22T19:30:06","slug":"ateliers","status":"publish","type":"page","link":"https:\/\/www.cactusdelespoir.org\/?page_id=20","title":{"rendered":"Ateliers"},"content":{"rendered":"<p>\u00c0 chaque ann\u00e9e, nous faisons des diff\u00e9rents ateliers avec nos jeunes m\u00e8res gr\u00e2ce \u00e0 votre participation.<\/p>","protected":false},"excerpt":{"rendered":"<p>\u00c0 chaque ann\u00e9e, nous faisons des diff\u00e9rents ateliers avec nos jeunes m\u00e8res gr\u00e2ce \u00e0 votre participation.<\/p>\n","protected":false},"author":1,"featured_media":0,"parent":0,"menu_order":3,"comment_status":"closed","ping_status":"closed","template":"","meta":{"footnotes":""},"class_list":["post-20","page","type-page","status-publish","hentry"],"_links":{"self":[{"href":"https:\/\/www.cactusdelespoir.org\/index.php?rest_route=\/wp\/v2\/pages\/20"}],"collection":[{"href":"https:\/\/www.cactusdelespoir.org\/index.php?rest_route=\/wp\/v2\/pages"}],"about":[{"href":"https:\/\/www.cactusdelespoir.org\/index.php?rest_route=\/wp\/v2\/types\/page"}],"author":[{"embeddable":true,"href":"https:\/\/www.cactusdelespoir.org\/index.php?rest_route=\/wp\/v2\/users\/1"}],"replies":[{"embeddable":true,"href":"https:\/\/www.cactusdelespoir.org\/index.php?rest_route=%2Fwp%2Fv2%2Fcomments&post=20"}],"version-history":[{"count":4,"href":"https:\/\/www.cactusdelespoir.org\/index.php?rest_route=\/wp\/v2\/pages\/20\/revisions"}],"predecessor-version":[{"id":22,"href":"https:\/\/www.cactusdelespoir.org\/index.php?rest_route=\/wp\/v2\/pages\/20\/revisions\/22"}],"wp:attachment":[{"href":"https:\/\/www.cactusdelespoir.org\/index.php?rest_route=%2Fwp%2Fv2%2Fmedia&parent=20"}],"curies":[{"name":"wp","href":"https:\/\/api.w.org\/{rel}","templated":true}]}}